{"id":540,"date":"2024-10-18T19:51:43","date_gmt":"2024-10-18T17:51:43","guid":{"rendered":"https:\/\/michalstudio.cz\/home\/"},"modified":"2024-12-05T19:09:30","modified_gmt":"2024-12-05T18:09:30","slug":"home","status":"publish","type":"page","link":"https:\/\/www.nakladni-doprava.eu\/","title":{"rendered":"Home"},"content":{"rendered":"\t\t<div data-elementor-type=\"wp-page\" data-elementor-id=\"540\" class=\"elementor elementor-540\">\n\t\t\t\t<div class=\"elementor-element elementor-element-2cb5f4f animated-slow e-flex e-con-boxed elementor-invisible e-con e-parent\" data-id=\"2cb5f4f\" data-element_type=\"container\" data-settings=\"{&quot;background_background&quot;:&quot;video&quot;,&quot;animation&quot;:&quot;fadeIn&quot;,&quot;background_video_link&quot;:&quot;https:\\\/\\\/www.youtube.com\\\/watch?v=Prj8ORllIus&quot;,&quot;background_video_start&quot;:1,&quot;background_play_on_mobile&quot;:&quot;yes&quot;,&quot;background_privacy_mode&quot;:&quot;yes&quot;}\">\n\t\t\t\t\t<div class=\"e-con-inner\">\n\t\t<div class=\"elementor-background-video-container\">\n\t\t\t\t\t\t\t<div class=\"elementor-background-video-embed\"><\/div>\n\t\t\t\t\t\t<\/div><div class=\"elementor-element elementor-element-fe6a729 e-con-full e-flex e-con e-child\" data-id=\"fe6a729\" data-element_type=\"container\">\n\t\t\t\t<\/div>\n\t\t\t\t\t<\/div>\n\t\t\t\t<\/div>\n\t\t<div class=\"elementor-element elementor-element-2c5d380 e-con-full e-flex e-con e-parent\" data-id=\"2c5d380\" data-element_type=\"container\" data-settings=\"{&quot;background_background&quot;:&quot;classic&quot;}\">\n\t\t\t\t<div class=\"elementor-element elementor-element-bf349d7 elementor-widget__width-initial elementor-invisible elementor-widget elementor-widget-text-editor\" data-id=\"bf349d7\" data-element_type=\"widget\" data-settings=\"{&quot;_animation&quot;:&quot;lightSpeedIn&quot;}\" data-widget_type=\"text-editor.default\">\n\t\t\t\t<div class=\"elementor-widget-container\">\n\t\t\t\t\t\t\t<p><span style=\"color: #000000;\">Firma Ji\u0159\u00ed Folprecht byla zalo\u017eena v roce 1994 a jej\u00ed hlavn\u00ed \u010dinnost\u00ed byly opravy karoseri\u00ed motorov\u00fdch vozidel. Od roku 1996 za\u010dala firma podnikat v oboru silni\u010dn\u00ed n\u00e1kladn\u00ed dopravy. Objem p\u0159eprav postupn\u011b rostl tak, \u017ee se silni\u010dn\u00ed n\u00e1kladn\u00ed doprava stala hlavn\u00ed podnikatelskou \u010dinnost\u00ed. V roce 2024 se firma Ji\u0159\u00ed Folprecht transformovala na spole\u010dnost Ji\u0159\u00ed Folprecht s.r.o.\u00a0<\/span><\/p><p><span style=\"color: #000000;\">Spole\u010dnost Ji\u0159\u00ed Folprecht s.r.o. zaji\u0161\u0165uje vnitrost\u00e1tn\u00ed, tak i mezin\u00e1rodn\u00ed n\u00e1kladn\u00ed dopravu. Disponuje vlastn\u00ed modern\u00ed technikou, kterou pravideln\u011b obm\u011b\u0148uje a roz\u0161i\u0159uje. Pracovn\u00ed t\u00fdm je zku\u0161en\u00fd a spolehliv\u00fd.<\/span><\/p><p><span style=\"color: #000000;\"><b>Kontaktujte n\u00e1s, r\u00e1di a ochotn\u011b zodpov\u00edme Va\u0161e dotazy, na Va\u0161i popt\u00e1vku zpracujeme cenovou kalkulaci, poskytneme komplexn\u00ed slu\u017eby v oblasti silni\u010dn\u00ed dopravy.<\/b><\/span><\/p>\t\t\t\t\t\t<\/div>\n\t\t\t\t<\/div>\n\t\t\t\t<\/div>\n\t\t<div class=\"elementor-element elementor-element-24c68a1 e-flex e-con-boxed e-con e-parent\" data-id=\"24c68a1\" data-element_type=\"container\" data-settings=\"{&quot;background_background&quot;:&quot;classic&quot;}\">\n\t\t\t\t\t<div class=\"e-con-inner\">\n\t\t<div class=\"elementor-element elementor-element-066ab79 e-con-full e-flex e-con e-child\" data-id=\"066ab79\" data-element_type=\"container\">\n\t\t\t\t<div class=\"elementor-element elementor-element-f031e3d elementor-invisible elementor-widget elementor-widget-heading\" data-id=\"f031e3d\" data-element_type=\"widget\" data-settings=\"{&quot;_animation&quot;:&quot;lightSpeedIn&quot;}\" data-widget_type=\"heading.default\">\n\t\t\t\t<div class=\"elementor-widget-container\">\n\t\t\t<h2 class=\"elementor-heading-title elementor-size-default\">Uk\u00e1zky na\u0161\u00ed pr\u00e1ce <\/h2>\t\t<\/div>\n\t\t\t\t<\/div>\n\t\t\t\t<div class=\"elementor-element elementor-element-6ac07a6 elementor-align-left elementor-mobile-align-left elementor-invisible elementor-widget elementor-widget-button\" data-id=\"6ac07a6\" data-element_type=\"widget\" data-settings=\"{&quot;_animation&quot;:&quot;lightSpeedIn&quot;}\" data-widget_type=\"button.default\">\n\t\t\t\t<div class=\"elementor-widget-container\">\n\t\t\t\t\t\t\t<div class=\"elementor-button-wrapper\">\n\t\t\t\t\t<a class=\"elementor-button elementor-button-link elementor-size-sm\" href=\"https:\/\/www.nakladni-doprava.eu\/https-michalstudio-cz-projects\/\">\n\t\t\t\t\t\t<span class=\"elementor-button-content-wrapper\">\n\t\t\t\t\t\t<span class=\"elementor-button-icon\">\n\t\t\t\t<svg aria-hidden=\"true\" class=\"e-font-icon-svg e-fas-long-arrow-alt-right\" viewBox=\"0 0 448 512\" xmlns=\"http:\/\/www.w3.org\/2000\/svg\"><path d=\"M313.941 216H12c-6.627 0-12 5.373-12 12v56c0 6.627 5.373 12 12 12h301.941v46.059c0 21.382 25.851 32.09 40.971 16.971l86.059-86.059c9.373-9.373 9.373-24.569 0-33.941l-86.059-86.059c-15.119-15.119-40.971-4.411-40.971 16.971V216z\"><\/path><\/svg>\t\t\t<\/span>\n\t\t\t\t\t\t\t\t\t<span class=\"elementor-button-text\">Galerie<\/span>\n\t\t\t\t\t<\/span>\n\t\t\t\t\t<\/a>\n\t\t\t\t<\/div>\n\t\t\t\t\t\t<\/div>\n\t\t\t\t<\/div>\n\t\t\t\t<\/div>\n\t\t\t\t\t<\/div>\n\t\t\t\t<\/div>\n\t\t<div class=\"elementor-element elementor-element-3565d7f e-flex e-con-boxed e-con e-parent\" data-id=\"3565d7f\" data-element_type=\"container\" data-settings=\"{&quot;background_background&quot;:&quot;classic&quot;}\">\n\t\t\t\t\t<div class=\"e-con-inner\">\n\t\t<div class=\"elementor-element elementor-element-bc902d9 e-con-full e-flex e-con e-child\" data-id=\"bc902d9\" data-element_type=\"container\">\n\t\t\t\t<div class=\"elementor-element elementor-element-569d77b elementor-invisible elementor-widget elementor-widget-heading\" data-id=\"569d77b\" data-element_type=\"widget\" data-settings=\"{&quot;_animation&quot;:&quot;lightSpeedIn&quot;}\" data-widget_type=\"heading.default\">\n\t\t\t\t<div class=\"elementor-widget-container\">\n\t\t\t<h2 class=\"elementor-heading-title elementor-size-default\">Na\u0161e p\u0159ednosti<\/h2>\t\t<\/div>\n\t\t\t\t<\/div>\n\t\t\t\t<div class=\"elementor-element elementor-element-ce554e8 elementor-widget__width-initial elementor-invisible elementor-widget elementor-widget-text-editor\" data-id=\"ce554e8\" data-element_type=\"widget\" data-settings=\"{&quot;_animation&quot;:&quot;lightSpeedIn&quot;}\" data-widget_type=\"text-editor.default\">\n\t\t\t\t<div class=\"elementor-widget-container\">\n\t\t\t\t\t\t\t<ul>\n<li><span style=\"color: #000000;\">mnohalet\u00e1 praxe a zku\u0161enosti v oboru<\/span><\/li>\n<li><span style=\"color: #000000;\">spolehlivost a rychl\u00e9 jedn\u00e1n\u00ed<\/span><\/li>\n<li><span style=\"color: #000000;\">dodr\u017eov\u00e1n\u00ed term\u00edn\u016f<\/span><\/li>\n<li><span style=\"color: #000000;\">flexibilita<\/span><\/li>\n<li><span style=\"color: #000000;\">pravideln\u00e9 investice do obnovy vozov\u00e9ho parku&nbsp;<\/span><\/li>\n<li><span style=\"color: #000000;\">maxim\u00e1ln\u00ed snaha o napln\u011bn\u00ed pot\u0159eb z\u00e1kazn\u00edka&nbsp;<\/span><\/li>\n<li><span style=\"color: #000000;\">udr\u017eov\u00e1n\u00ed a posilov\u00e1n\u00ed d\u016fv\u011bry&nbsp; z\u00e1kazn\u00edk\u016f<\/span><\/li>\n<\/ul>\t\t\t\t\t\t<\/div>\n\t\t\t\t<\/div>\n\t\t\t\t<div class=\"elementor-element elementor-element-a63cbf6 elementor-align-left elementor-mobile-align-left elementor-widget elementor-widget-button\" data-id=\"a63cbf6\" data-element_type=\"widget\" data-widget_type=\"button.default\">\n\t\t\t\t<div class=\"elementor-widget-container\">\n\t\t\t\t\t\t\t<div class=\"elementor-button-wrapper\">\n\t\t\t\t\t<a class=\"elementor-button elementor-button-link elementor-size-sm\" href=\"https:\/\/www.nakladni-doprava.eu\/contact\/\">\n\t\t\t\t\t\t<span class=\"elementor-button-content-wrapper\">\n\t\t\t\t\t\t<span class=\"elementor-button-icon\">\n\t\t\t\t<svg aria-hidden=\"true\" class=\"e-font-icon-svg e-fas-mobile-alt\" viewBox=\"0 0 320 512\" xmlns=\"http:\/\/www.w3.org\/2000\/svg\"><path d=\"M272 0H48C21.5 0 0 21.5 0 48v416c0 26.5 21.5 48 48 48h224c26.5 0 48-21.5 48-48V48c0-26.5-21.5-48-48-48zM160 480c-17.7 0-32-14.3-32-32s14.3-32 32-32 32 14.3 32 32-14.3 32-32 32zm112-108c0 6.6-5.4 12-12 12H60c-6.6 0-12-5.4-12-12V60c0-6.6 5.4-12 12-12h200c6.6 0 12 5.4 12 12v312z\"><\/path><\/svg>\t\t\t<\/span>\n\t\t\t\t\t\t\t\t\t<span class=\"elementor-button-text\">objednat dopravu ihned<\/span>\n\t\t\t\t\t<\/span>\n\t\t\t\t\t<\/a>\n\t\t\t\t<\/div>\n\t\t\t\t\t\t<\/div>\n\t\t\t\t<\/div>\n\t\t\t\t<\/div>\n\t\t<div class=\"elementor-element elementor-element-b966e9a e-con-full e-flex e-con e-child\" data-id=\"b966e9a\" data-element_type=\"container\">\n\t\t\t\t<div class=\"elementor-element elementor-element-739e5cd elementor-widget elementor-widget-image\" data-id=\"739e5cd\" data-element_type=\"widget\" data-widget_type=\"image.default\">\n\t\t\t\t<div class=\"elementor-widget-container\">\n\t\t\t\t\t\t\t\t\t\t\t\t\t<img fetchpriority=\"high\" decoding=\"async\" width=\"1024\" height=\"771\" src=\"https:\/\/www.nakladni-doprava.eu\/wp-content\/uploads\/2024\/10\/WhatsApp-Image-2024-10-25-at-15.56.16-4-1024x771.jpeg\" class=\"attachment-large size-large wp-image-1566\" alt=\"\" srcset=\"https:\/\/www.nakladni-doprava.eu\/wp-content\/uploads\/2024\/10\/WhatsApp-Image-2024-10-25-at-15.56.16-4-1024x771.jpeg 1024w, https:\/\/www.nakladni-doprava.eu\/wp-content\/uploads\/2024\/10\/WhatsApp-Image-2024-10-25-at-15.56.16-4-300x226.jpeg 300w, https:\/\/www.nakladni-doprava.eu\/wp-content\/uploads\/2024\/10\/WhatsApp-Image-2024-10-25-at-15.56.16-4-768x578.jpeg 768w, https:\/\/www.nakladni-doprava.eu\/wp-content\/uploads\/2024\/10\/WhatsApp-Image-2024-10-25-at-15.56.16-4-1536x1157.jpeg 1536w, https:\/\/www.nakladni-doprava.eu\/wp-content\/uploads\/2024\/10\/WhatsApp-Image-2024-10-25-at-15.56.16-4.jpeg 2040w\" sizes=\"(max-width: 1024px) 100vw, 1024px\" \/>\t\t\t\t\t\t\t\t\t\t\t\t\t<\/div>\n\t\t\t\t<\/div>\n\t\t\t\t<div class=\"elementor-element elementor-element-89cd348 elementor-widget elementor-widget-image\" data-id=\"89cd348\" data-element_type=\"widget\" data-widget_type=\"image.default\">\n\t\t\t\t<div class=\"elementor-widget-container\">\n\t\t\t\t\t\t\t\t\t\t\t\t\t<img decoding=\"async\" width=\"2040\" height=\"1536\" src=\"https:\/\/www.nakladni-doprava.eu\/wp-content\/uploads\/2024\/10\/WhatsApp-Image-2024-10-25-at-15.56.13-2.jpeg\" class=\"attachment-full size-full wp-image-1553\" alt=\"\" srcset=\"https:\/\/www.nakladni-doprava.eu\/wp-content\/uploads\/2024\/10\/WhatsApp-Image-2024-10-25-at-15.56.13-2.jpeg 2040w, https:\/\/www.nakladni-doprava.eu\/wp-content\/uploads\/2024\/10\/WhatsApp-Image-2024-10-25-at-15.56.13-2-300x226.jpeg 300w, https:\/\/www.nakladni-doprava.eu\/wp-content\/uploads\/2024\/10\/WhatsApp-Image-2024-10-25-at-15.56.13-2-1024x771.jpeg 1024w, https:\/\/www.nakladni-doprava.eu\/wp-content\/uploads\/2024\/10\/WhatsApp-Image-2024-10-25-at-15.56.13-2-768x578.jpeg 768w, https:\/\/www.nakladni-doprava.eu\/wp-content\/uploads\/2024\/10\/WhatsApp-Image-2024-10-25-at-15.56.13-2-1536x1157.jpeg 1536w\" sizes=\"(max-width: 2040px) 100vw, 2040px\" \/>\t\t\t\t\t\t\t\t\t\t\t\t\t<\/div>\n\t\t\t\t<\/div>\n\t\t\t\t<\/div>\n\t\t<div class=\"elementor-element elementor-element-1ac5c7c e-con-full e-flex e-con e-child\" data-id=\"1ac5c7c\" data-element_type=\"container\">\n\t\t\t\t<div class=\"elementor-element elementor-element-3ca2455 elementor-widget elementor-widget-image\" data-id=\"3ca2455\" data-element_type=\"widget\" data-widget_type=\"image.default\">\n\t\t\t\t<div class=\"elementor-widget-container\">\n\t\t\t\t\t\t\t\t\t\t\t\t\t<img decoding=\"async\" width=\"1920\" height=\"1440\" src=\"https:\/\/www.nakladni-doprava.eu\/wp-content\/uploads\/2024\/11\/b70705c0-c969-44dc-8685-ebb50bce4097.webp\" class=\"attachment-full size-full wp-image-1695\" alt=\"\" srcset=\"https:\/\/www.nakladni-doprava.eu\/wp-content\/uploads\/2024\/11\/b70705c0-c969-44dc-8685-ebb50bce4097.webp 1920w, https:\/\/www.nakladni-doprava.eu\/wp-content\/uploads\/2024\/11\/b70705c0-c969-44dc-8685-ebb50bce4097-300x225.webp 300w, https:\/\/www.nakladni-doprava.eu\/wp-content\/uploads\/2024\/11\/b70705c0-c969-44dc-8685-ebb50bce4097-1024x768.webp 1024w, https:\/\/www.nakladni-doprava.eu\/wp-content\/uploads\/2024\/11\/b70705c0-c969-44dc-8685-ebb50bce4097-768x576.webp 768w, https:\/\/www.nakladni-doprava.eu\/wp-content\/uploads\/2024\/11\/b70705c0-c969-44dc-8685-ebb50bce4097-1536x1152.webp 1536w\" sizes=\"(max-width: 1920px) 100vw, 1920px\" \/>\t\t\t\t\t\t\t\t\t\t\t\t\t<\/div>\n\t\t\t\t<\/div>\n\t\t\t\t<div class=\"elementor-element elementor-element-76399ca elementor-widget elementor-widget-image\" data-id=\"76399ca\" data-element_type=\"widget\" data-widget_type=\"image.default\">\n\t\t\t\t<div class=\"elementor-widget-container\">\n\t\t\t\t\t\t\t\t\t\t\t\t\t<img loading=\"lazy\" decoding=\"async\" width=\"2048\" height=\"1536\" src=\"https:\/\/www.nakladni-doprava.eu\/wp-content\/uploads\/2024\/12\/WhatsApp-Image-2024-11-26-at-08.38.50.jpeg\" class=\"attachment-full size-full wp-image-1868\" alt=\"\" srcset=\"https:\/\/www.nakladni-doprava.eu\/wp-content\/uploads\/2024\/12\/WhatsApp-Image-2024-11-26-at-08.38.50.jpeg 2048w, https:\/\/www.nakladni-doprava.eu\/wp-content\/uploads\/2024\/12\/WhatsApp-Image-2024-11-26-at-08.38.50-300x225.jpeg 300w, https:\/\/www.nakladni-doprava.eu\/wp-content\/uploads\/2024\/12\/WhatsApp-Image-2024-11-26-at-08.38.50-1024x768.jpeg 1024w, https:\/\/www.nakladni-doprava.eu\/wp-content\/uploads\/2024\/12\/WhatsApp-Image-2024-11-26-at-08.38.50-768x576.jpeg 768w, https:\/\/www.nakladni-doprava.eu\/wp-content\/uploads\/2024\/12\/WhatsApp-Image-2024-11-26-at-08.38.50-1536x1152.jpeg 1536w\" sizes=\"(max-width: 2048px) 100vw, 2048px\" \/>\t\t\t\t\t\t\t\t\t\t\t\t\t<\/div>\n\t\t\t\t<\/div>\n\t\t\t\t<\/div>\n\t\t\t\t\t<\/div>\n\t\t\t\t<\/div>\n\t\t\t\t<\/div>\n\t\t","protected":false},"excerpt":{"rendered":"<p>Firma Ji\u0159\u00ed Folprecht byla zalo\u017eena v roce 1994 a jej\u00ed hlavn\u00ed \u010dinnost\u00ed byly opravy karoseri\u00ed motorov\u00fdch vozidel. Od roku 1996 za\u010dala firma podnikat v oboru silni\u010dn\u00ed n\u00e1kladn\u00ed dopravy. Objem p\u0159eprav postupn\u011b rostl tak, \u017ee se silni\u010dn\u00ed n\u00e1kladn\u00ed doprava stala hlavn\u00ed podnikatelskou \u010dinnost\u00ed. V roce 2024 se firma Ji\u0159\u00ed Folprecht transformovala na spole\u010dnost Ji\u0159\u00ed Folprecht s.r.o.\u00a0 [&hellip;]<\/p>\n","protected":false},"author":1,"featured_media":0,"parent":0,"menu_order":0,"comment_status":"closed","ping_status":"closed","template":"","meta":{"_uag_custom_page_level_css":"","site-sidebar-layout":"no-sidebar","site-content-layout":"page-builder","ast-site-content-layout":"full-width-container","site-content-style":"unboxed","site-sidebar-style":"unboxed","ast-global-header-display":"","ast-banner-title-visibility":"","ast-main-header-display":"","ast-hfb-above-header-display":"","ast-hfb-below-header-display":"","ast-hfb-mobile-header-display":"","site-post-title":"disabled","ast-breadcrumbs-content":"","ast-featured-img":"disabled","footer-sml-layout":"","theme-transparent-header-meta":"enabled","adv-header-id-meta":"","stick-header-meta":"","header-above-stick-meta":"","header-main-stick-meta":"","header-below-stick-meta":"","astra-migrate-meta-layouts":"set","ast-page-background-enabled":"default","ast-page-background-meta":{"desktop":{"background-color":"","background-image":"","background-repeat":"repeat","background-position":"center center","background-size":"auto","background-attachment":"scroll","background-type":"","background-media":"","overlay-type":"","overlay-color":"","overlay-opacity":"","overlay-gradient":""},"tablet":{"background-color":"","background-image":"","background-repeat":"repeat","background-position":"center center","background-size":"auto","background-attachment":"scroll","background-type":"","background-media":"","overlay-type":"","overlay-color":"","overlay-opacity":"","overlay-gradient":""},"mobile":{"background-color":"","background-image":"","background-repeat":"repeat","background-position":"center center","background-size":"auto","background-attachment":"scroll","background-type":"","background-media":"","overlay-type":"","overlay-color":"","overlay-opacity":"","overlay-gradient":""}},"ast-content-background-meta":{"desktop":{"background-color":"var(--ast-global-color-5)","background-image":"","background-repeat":"repeat","background-position":"center center","background-size":"auto","background-attachment":"scroll","background-type":"","background-media":"","overlay-type":"","overlay-color":"","overlay-opacity":"","overlay-gradient":""},"tablet":{"background-color":"var(--ast-global-color-5)","background-image":"","background-repeat":"repeat","background-position":"center center","background-size":"auto","background-attachment":"scroll","background-type":"","background-media":"","overlay-type":"","overlay-color":"","overlay-opacity":"","overlay-gradient":""},"mobile":{"background-color":"var(--ast-global-color-5)","background-image":"","background-repeat":"repeat","background-position":"center center","background-size":"auto","background-attachment":"scroll","background-type":"","background-media":"","overlay-type":"","overlay-color":"","overlay-opacity":"","overlay-gradient":""}},"footnotes":""},"class_list":["post-540","page","type-page","status-publish","hentry"],"uagb_featured_image_src":{"full":false,"thumbnail":false,"medium":false,"medium_large":false,"large":false,"1536x1536":false,"2048x2048":false},"uagb_author_info":{"display_name":"admin2218","author_link":"https:\/\/www.nakladni-doprava.eu\/?author=1"},"uagb_comment_info":0,"uagb_excerpt":"Firma Ji\u0159\u00ed Folprecht byla zalo\u017eena v roce 1994 a jej\u00ed hlavn\u00ed \u010dinnost\u00ed byly opravy karoseri\u00ed motorov\u00fdch vozidel. Od roku 1996 za\u010dala firma podnikat v oboru silni\u010dn\u00ed n\u00e1kladn\u00ed dopravy. Objem p\u0159eprav postupn\u011b rostl tak, \u017ee se silni\u010dn\u00ed n\u00e1kladn\u00ed doprava stala hlavn\u00ed podnikatelskou \u010dinnost\u00ed. V roce 2024 se firma Ji\u0159\u00ed Folprecht transformovala na spole\u010dnost Ji\u0159\u00ed Folprecht s.r.o.\u00a0&hellip;","_links":{"self":[{"href":"https:\/\/www.nakladni-doprava.eu\/index.php?rest_route=\/wp\/v2\/pages\/540","targetHints":{"allow":["GET"]}}],"collection":[{"href":"https:\/\/www.nakladni-doprava.eu\/index.php?rest_route=\/wp\/v2\/pages"}],"about":[{"href":"https:\/\/www.nakladni-doprava.eu\/index.php?rest_route=\/wp\/v2\/types\/page"}],"author":[{"embeddable":true,"href":"https:\/\/www.nakladni-doprava.eu\/index.php?rest_route=\/wp\/v2\/users\/1"}],"replies":[{"embeddable":true,"href":"https:\/\/www.nakladni-doprava.eu\/index.php?rest_route=%2Fwp%2Fv2%2Fcomments&post=540"}],"version-history":[{"count":233,"href":"https:\/\/www.nakladni-doprava.eu\/index.php?rest_route=\/wp\/v2\/pages\/540\/revisions"}],"predecessor-version":[{"id":2031,"href":"https:\/\/www.nakladni-doprava.eu\/index.php?rest_route=\/wp\/v2\/pages\/540\/revisions\/2031"}],"wp:attachment":[{"href":"https:\/\/www.nakladni-doprava.eu\/index.php?rest_route=%2Fwp%2Fv2%2Fmedia&parent=540"}],"curies":[{"name":"wp","href":"https:\/\/api.w.org\/{rel}","templated":true}]}}