{"id":1700,"date":"2024-11-26T01:43:29","date_gmt":"2024-11-26T00:43:29","guid":{"rendered":"https:\/\/michalstudio.cz\/?page_id=1700"},"modified":"2024-12-04T08:48:29","modified_gmt":"2024-12-04T07:48:29","slug":"vozovy-park","status":"publish","type":"page","link":"https:\/\/www.nakladni-doprava.eu\/?page_id=1700","title":{"rendered":"Vozov\u00fd park"},"content":{"rendered":"\t\t<div data-elementor-type=\"wp-post\" data-elementor-id=\"1700\" class=\"elementor elementor-1700\">\n\t\t\t\t<div class=\"elementor-element elementor-element-ecdc542 e-flex e-con-boxed e-con e-parent\" data-id=\"ecdc542\" data-element_type=\"container\" data-settings=\"{&quot;background_background&quot;:&quot;classic&quot;}\">\n\t\t\t\t\t<div class=\"e-con-inner\">\n\t\t<div class=\"elementor-element elementor-element-341f31e e-con-full e-flex e-con e-child\" data-id=\"341f31e\" data-element_type=\"container\">\n\t\t\t\t<div class=\"elementor-element elementor-element-c607c23 elementor-widget elementor-widget-heading\" data-id=\"c607c23\" data-element_type=\"widget\" data-widget_type=\"heading.default\">\n\t\t\t\t<div class=\"elementor-widget-container\">\n\t\t\t<h1 class=\"elementor-heading-title elementor-size-default\">Vozov\u00fd park<br><\/h1>\t\t<\/div>\n\t\t\t\t<\/div>\n\t\t\t\t<\/div>\n\t\t\t\t\t<\/div>\n\t\t\t\t<\/div>\n\t\t<div class=\"elementor-element elementor-element-1ea260a e-flex e-con-boxed e-con e-parent\" data-id=\"1ea260a\" data-element_type=\"container\" data-settings=\"{&quot;background_background&quot;:&quot;classic&quot;}\">\n\t\t\t\t\t<div class=\"e-con-inner\">\n\t\t<div class=\"elementor-element elementor-element-53e9612 e-con-full e-flex e-con e-child\" data-id=\"53e9612\" data-element_type=\"container\">\n\t\t\t\t<div class=\"elementor-element elementor-element-7ced52f elementor-position-top elementor-widget elementor-widget-image-box\" data-id=\"7ced52f\" data-element_type=\"widget\" data-widget_type=\"image-box.default\">\n\t\t\t\t<div class=\"elementor-widget-container\">\n\t\t\t<div class=\"elementor-image-box-wrapper\"><figure class=\"elementor-image-box-img\"><img fetchpriority=\"high\" decoding=\"async\" width=\"1440\" height=\"1920\" src=\"https:\/\/www.nakladni-doprava.eu\/wp-content\/uploads\/2024\/11\/PHOTO-2024-10-25-14-41-18.webp\" class=\"attachment-full size-full wp-image-1733\" alt=\"\" srcset=\"https:\/\/www.nakladni-doprava.eu\/wp-content\/uploads\/2024\/11\/PHOTO-2024-10-25-14-41-18.webp 1440w, https:\/\/www.nakladni-doprava.eu\/wp-content\/uploads\/2024\/11\/PHOTO-2024-10-25-14-41-18-225x300.webp 225w, https:\/\/www.nakladni-doprava.eu\/wp-content\/uploads\/2024\/11\/PHOTO-2024-10-25-14-41-18-768x1024.webp 768w, https:\/\/www.nakladni-doprava.eu\/wp-content\/uploads\/2024\/11\/PHOTO-2024-10-25-14-41-18-1152x1536.webp 1152w\" sizes=\"(max-width: 1440px) 100vw, 1440px\" \/><\/figure><div class=\"elementor-image-box-content\"><h3 class=\"elementor-image-box-title\">Taha\u010de Man<\/h3><p class=\"elementor-image-box-description\"> <\/p><\/div><\/div>\t\t<\/div>\n\t\t\t\t<\/div>\n\t\t\t\t<div class=\"elementor-element elementor-element-4a24c78 elementor-position-top elementor-widget elementor-widget-image-box\" data-id=\"4a24c78\" data-element_type=\"widget\" data-widget_type=\"image-box.default\">\n\t\t\t\t<div class=\"elementor-widget-container\">\n\t\t\t<div class=\"elementor-image-box-wrapper\"><figure class=\"elementor-image-box-img\"><img decoding=\"async\" src=\"https:\/\/www.nakladni-doprava.eu\/wp-content\/uploads\/elementor\/thumbs\/449154959_10223638486101266_4044026034731518581_n-qxsc73mfckv2f9snt2zee9271wbrwp8cg9gutpdqz0.webp\" title=\"449154959_10223638486101266_4044026034731518581_n\" alt=\"449154959_10223638486101266_4044026034731518581_n\" loading=\"lazy\" \/><\/figure><div class=\"elementor-image-box-content\"><h3 class=\"elementor-image-box-title\">Taha\u010de Scania<\/h3><p class=\"elementor-image-box-description\"> <\/p><\/div><\/div>\t\t<\/div>\n\t\t\t\t<\/div>\n\t\t\t\t<div class=\"elementor-element elementor-element-67d6893 elementor-position-top elementor-widget elementor-widget-image-box\" data-id=\"67d6893\" data-element_type=\"widget\" data-widget_type=\"image-box.default\">\n\t\t\t\t<div class=\"elementor-widget-container\">\n\t\t\t<div class=\"elementor-image-box-wrapper\"><figure class=\"elementor-image-box-img\"><img decoding=\"async\" width=\"1280\" height=\"960\" src=\"https:\/\/www.nakladni-doprava.eu\/wp-content\/uploads\/2024\/11\/Used-Semi-trailer-Kassbohrer-LB3E-3-Axels-1970_310375_ns8mGerLYwlHA31ONbkcsA7ZcZqY2CtILV9W.webp\" class=\"attachment-full size-full wp-image-1708\" alt=\"\" srcset=\"https:\/\/www.nakladni-doprava.eu\/wp-content\/uploads\/2024\/11\/Used-Semi-trailer-Kassbohrer-LB3E-3-Axels-1970_310375_ns8mGerLYwlHA31ONbkcsA7ZcZqY2CtILV9W.webp 1280w, https:\/\/www.nakladni-doprava.eu\/wp-content\/uploads\/2024\/11\/Used-Semi-trailer-Kassbohrer-LB3E-3-Axels-1970_310375_ns8mGerLYwlHA31ONbkcsA7ZcZqY2CtILV9W-300x225.webp 300w, https:\/\/www.nakladni-doprava.eu\/wp-content\/uploads\/2024\/11\/Used-Semi-trailer-Kassbohrer-LB3E-3-Axels-1970_310375_ns8mGerLYwlHA31ONbkcsA7ZcZqY2CtILV9W-1024x768.webp 1024w, https:\/\/www.nakladni-doprava.eu\/wp-content\/uploads\/2024\/11\/Used-Semi-trailer-Kassbohrer-LB3E-3-Axels-1970_310375_ns8mGerLYwlHA31ONbkcsA7ZcZqY2CtILV9W-768x576.webp 768w\" sizes=\"(max-width: 1280px) 100vw, 1280px\" \/><\/figure><div class=\"elementor-image-box-content\"><h3 class=\"elementor-image-box-title\">Teleskopick\u00e9 plato K\u00e4ssbohrer<\/h3><p class=\"elementor-image-box-description\">maxim\u00e1ln\u00ed d\u00e9lka 20.6m<\/p><\/div><\/div>\t\t<\/div>\n\t\t\t\t<\/div>\n\t\t\t\t<div class=\"elementor-element elementor-element-5812d57 elementor-position-top elementor-widget elementor-widget-image-box\" data-id=\"5812d57\" data-element_type=\"widget\" data-widget_type=\"image-box.default\">\n\t\t\t\t<div class=\"elementor-widget-container\">\n\t\t\t<div class=\"elementor-image-box-wrapper\"><figure class=\"elementor-image-box-img\"><img decoding=\"async\" width=\"1170\" height=\"623\" src=\"https:\/\/www.nakladni-doprava.eu\/wp-content\/uploads\/2024\/11\/csm_W_PSanh3ALCGSP40_PIC1_01_7b83af3f8c.webp\" class=\"attachment-full size-full wp-image-1709\" alt=\"\" srcset=\"https:\/\/www.nakladni-doprava.eu\/wp-content\/uploads\/2024\/11\/csm_W_PSanh3ALCGSP40_PIC1_01_7b83af3f8c.webp 1170w, https:\/\/www.nakladni-doprava.eu\/wp-content\/uploads\/2024\/11\/csm_W_PSanh3ALCGSP40_PIC1_01_7b83af3f8c-300x160.webp 300w, https:\/\/www.nakladni-doprava.eu\/wp-content\/uploads\/2024\/11\/csm_W_PSanh3ALCGSP40_PIC1_01_7b83af3f8c-1024x545.webp 1024w, https:\/\/www.nakladni-doprava.eu\/wp-content\/uploads\/2024\/11\/csm_W_PSanh3ALCGSP40_PIC1_01_7b83af3f8c-768x409.webp 768w\" sizes=\"(max-width: 1170px) 100vw, 1170px\" \/><\/figure><div class=\"elementor-image-box-content\"><h3 class=\"elementor-image-box-title\">Plachtov\u00fd n\u00e1v\u011bs Schwarzm\u00fcller<\/h3><p class=\"elementor-image-box-description\">13.6m x 2.55m x 2.75m, pro nakl\u00e1dku \u0161ir\u0161\u00edch n\u00e1klad\u016f roz\u0161i\u0159iteln\u00e9 zadn\u00ed sloupky 40cm + 40cm<\/p><\/div><\/div>\t\t<\/div>\n\t\t\t\t<\/div>\n\t\t\t\t<div class=\"elementor-element elementor-element-853c709 elementor-position-top elementor-widget elementor-widget-image-box\" data-id=\"853c709\" data-element_type=\"widget\" data-widget_type=\"image-box.default\">\n\t\t\t\t<div class=\"elementor-widget-container\">\n\t\t\t<div class=\"elementor-image-box-wrapper\"><figure class=\"elementor-image-box-img\"><img loading=\"lazy\" decoding=\"async\" width=\"1024\" height=\"768\" src=\"https:\/\/www.nakladni-doprava.eu\/wp-content\/uploads\/2024\/11\/koegel-plato-.webp\" class=\"attachment-full size-full wp-image-1710\" alt=\"\" srcset=\"https:\/\/www.nakladni-doprava.eu\/wp-content\/uploads\/2024\/11\/koegel-plato-.webp 1024w, https:\/\/www.nakladni-doprava.eu\/wp-content\/uploads\/2024\/11\/koegel-plato--300x225.webp 300w, https:\/\/www.nakladni-doprava.eu\/wp-content\/uploads\/2024\/11\/koegel-plato--768x576.webp 768w\" sizes=\"(max-width: 1024px) 100vw, 1024px\" \/><\/figure><div class=\"elementor-image-box-content\"><h3 class=\"elementor-image-box-title\">Plato K\u00f6egel, Schmitz, Schwarzm\u00fcller <\/h3><p class=\"elementor-image-box-description\">13.6m x 2.55m <\/p><\/div><\/div>\t\t<\/div>\n\t\t\t\t<\/div>\n\t\t\t\t<div class=\"elementor-element elementor-element-4f773c2 elementor-position-top elementor-widget elementor-widget-image-box\" data-id=\"4f773c2\" data-element_type=\"widget\" data-widget_type=\"image-box.default\">\n\t\t\t\t<div class=\"elementor-widget-container\">\n\t\t\t<div class=\"elementor-image-box-wrapper\"><figure class=\"elementor-image-box-img\"><img loading=\"lazy\" decoding=\"async\" width=\"1024\" height=\"768\" src=\"https:\/\/www.nakladni-doprava.eu\/wp-content\/uploads\/2024\/11\/schmitz-.webp\" class=\"attachment-full size-full wp-image-1711\" alt=\"\" srcset=\"https:\/\/www.nakladni-doprava.eu\/wp-content\/uploads\/2024\/11\/schmitz-.webp 1024w, https:\/\/www.nakladni-doprava.eu\/wp-content\/uploads\/2024\/11\/schmitz--300x225.webp 300w, https:\/\/www.nakladni-doprava.eu\/wp-content\/uploads\/2024\/11\/schmitz--768x576.webp 768w\" sizes=\"(max-width: 1024px) 100vw, 1024px\" \/><\/figure><div class=\"elementor-image-box-content\"><h3 class=\"elementor-image-box-title\">Plachtov\u00fd n\u00e1v\u011bs Schmitz cargobull<\/h3><p class=\"elementor-image-box-description\">13.6m x 2.45m x 3.0m , hydraulick\u00e9 p\u0159izved\u00e1v\u00e1n\u00ed stropu n\u00e1v\u011bsu, pro nakl\u00e1dku vysok\u00fdch n\u00e1klad\u016f z boku<\/p><\/div><\/div>\t\t<\/div>\n\t\t\t\t<\/div>\n\t\t\t\t<div class=\"elementor-element elementor-element-3817203 elementor-position-top elementor-widget elementor-widget-image-box\" data-id=\"3817203\" data-element_type=\"widget\" data-widget_type=\"image-box.default\">\n\t\t\t\t<div class=\"elementor-widget-container\">\n\t\t\t<div class=\"elementor-image-box-wrapper\"><figure class=\"elementor-image-box-img\"><img loading=\"lazy\" decoding=\"async\" width=\"660\" height=\"371\" src=\"https:\/\/www.nakladni-doprava.eu\/wp-content\/uploads\/2024\/11\/Test_Skoda_Octavia_Combi_RS_ojeta_Auto_Bild_2019_Perex_660_0.webp\" class=\"attachment-full size-full wp-image-1720\" alt=\"\" srcset=\"https:\/\/www.nakladni-doprava.eu\/wp-content\/uploads\/2024\/11\/Test_Skoda_Octavia_Combi_RS_ojeta_Auto_Bild_2019_Perex_660_0.webp 660w, https:\/\/www.nakladni-doprava.eu\/wp-content\/uploads\/2024\/11\/Test_Skoda_Octavia_Combi_RS_ojeta_Auto_Bild_2019_Perex_660_0-300x169.webp 300w\" sizes=\"(max-width: 660px) 100vw, 660px\" \/><\/figure><div class=\"elementor-image-box-content\"><h3 class=\"elementor-image-box-title\">Doprovodn\u00e9 vozidlo \u0160koda Octavia<\/h3><p class=\"elementor-image-box-description\"> <\/p><\/div><\/div>\t\t<\/div>\n\t\t\t\t<\/div>\n\t\t\t\t<\/div>\n\t\t\t\t\t<\/div>\n\t\t\t\t<\/div>\n\t\t\t\t<\/div>\n\t\t","protected":false},"excerpt":{"rendered":"<p>Vozov\u00fd park Taha\u010de Man Taha\u010de Scania Teleskopick\u00e9 plato K\u00e4ssbohrer maxim\u00e1ln\u00ed d\u00e9lka 20.6m Plachtov\u00fd n\u00e1v\u011bs Schwarzm\u00fcller 13.6m x 2.55m x 2.75m, pro nakl\u00e1dku \u0161ir\u0161\u00edch n\u00e1klad\u016f roz\u0161i\u0159iteln\u00e9 zadn\u00ed sloupky 40cm + 40cm Plato K\u00f6egel, Schmitz, Schwarzm\u00fcller 13.6m x 2.55m Plachtov\u00fd n\u00e1v\u011bs Schmitz cargobull 13.6m x 2.45m x 3.0m , hydraulick\u00e9 p\u0159izved\u00e1v\u00e1n\u00ed stropu n\u00e1v\u011bsu, pro nakl\u00e1dku vysok\u00fdch n\u00e1klad\u016f [&hellip;]<\/p>\n","protected":false},"author":1,"featured_media":0,"parent":0,"menu_order":0,"comment_status":"closed","ping_status":"closed","template":"","meta":{"_uag_custom_page_level_css":"","site-sidebar-layout":"no-sidebar","site-content-layout":"page-builder","ast-site-content-layout":"full-width-container","site-content-style":"unboxed","site-sidebar-style":"unboxed","ast-global-header-display":"","ast-banner-title-visibility":"","ast-main-header-display":"","ast-hfb-above-header-display":"","ast-hfb-below-header-display":"","ast-hfb-mobile-header-display":"","site-post-title":"disabled","ast-breadcrumbs-content":"","ast-featured-img":"disabled","footer-sml-layout":"","theme-transparent-header-meta":"enabled","adv-header-id-meta":"","stick-header-meta":"","header-above-stick-meta":"","header-main-stick-meta":"","header-below-stick-meta":"","astra-migrate-meta-layouts":"set","ast-page-background-enabled":"default","ast-page-background-meta":{"desktop":{"background-color":"","background-image":"","background-repeat":"repeat","background-position":"center center","background-size":"auto","background-attachment":"scroll","background-type":"","background-media":"","overlay-type":"","overlay-color":"","overlay-opacity":"","overlay-gradient":""},"tablet":{"background-color":"","background-image":"","background-repeat":"repeat","background-position":"center center","background-size":"auto","background-attachment":"scroll","background-type":"","background-media":"","overlay-type":"","overlay-color":"","overlay-opacity":"","overlay-gradient":""},"mobile":{"background-color":"","background-image":"","background-repeat":"repeat","background-position":"center center","background-size":"auto","background-attachment":"scroll","background-type":"","background-media":"","overlay-type":"","overlay-color":"","overlay-opacity":"","overlay-gradient":""}},"ast-content-background-meta":{"desktop":{"background-color":"var(--ast-global-color-5)","background-image":"","background-repeat":"repeat","background-position":"center center","background-size":"auto","background-attachment":"scroll","background-type":"","background-media":"","overlay-type":"","overlay-color":"","overlay-opacity":"","overlay-gradient":""},"tablet":{"background-color":"var(--ast-global-color-5)","background-image":"","background-repeat":"repeat","background-position":"center center","background-size":"auto","background-attachment":"scroll","background-type":"","background-media":"","overlay-type":"","overlay-color":"","overlay-opacity":"","overlay-gradient":""},"mobile":{"background-color":"var(--ast-global-color-5)","background-image":"","background-repeat":"repeat","background-position":"center center","background-size":"auto","background-attachment":"scroll","background-type":"","background-media":"","overlay-type":"","overlay-color":"","overlay-opacity":"","overlay-gradient":""}},"footnotes":""},"class_list":["post-1700","page","type-page","status-publish","hentry"],"uagb_featured_image_src":{"full":false,"thumbnail":false,"medium":false,"medium_large":false,"large":false,"1536x1536":false,"2048x2048":false},"uagb_author_info":{"display_name":"admin2218","author_link":"https:\/\/www.nakladni-doprava.eu\/?author=1"},"uagb_comment_info":0,"uagb_excerpt":"Vozov\u00fd park Taha\u010de Man Taha\u010de Scania Teleskopick\u00e9 plato K\u00e4ssbohrer maxim\u00e1ln\u00ed d\u00e9lka 20.6m Plachtov\u00fd n\u00e1v\u011bs Schwarzm\u00fcller 13.6m x 2.55m x 2.75m, pro nakl\u00e1dku \u0161ir\u0161\u00edch n\u00e1klad\u016f roz\u0161i\u0159iteln\u00e9 zadn\u00ed sloupky 40cm + 40cm Plato K\u00f6egel, Schmitz, Schwarzm\u00fcller 13.6m x 2.55m Plachtov\u00fd n\u00e1v\u011bs Schmitz cargobull 13.6m x 2.45m x 3.0m , hydraulick\u00e9 p\u0159izved\u00e1v\u00e1n\u00ed stropu n\u00e1v\u011bsu, pro nakl\u00e1dku vysok\u00fdch n\u00e1klad\u016f&hellip;","_links":{"self":[{"href":"https:\/\/www.nakladni-doprava.eu\/index.php?rest_route=\/wp\/v2\/pages\/1700","targetHints":{"allow":["GET"]}}],"collection":[{"href":"https:\/\/www.nakladni-doprava.eu\/index.php?rest_route=\/wp\/v2\/pages"}],"about":[{"href":"https:\/\/www.nakladni-doprava.eu\/index.php?rest_route=\/wp\/v2\/types\/page"}],"author":[{"embeddable":true,"href":"https:\/\/www.nakladni-doprava.eu\/index.php?rest_route=\/wp\/v2\/users\/1"}],"replies":[{"embeddable":true,"href":"https:\/\/www.nakladni-doprava.eu\/index.php?rest_route=%2Fwp%2Fv2%2Fcomments&post=1700"}],"version-history":[{"count":44,"href":"https:\/\/www.nakladni-doprava.eu\/index.php?rest_route=\/wp\/v2\/pages\/1700\/revisions"}],"predecessor-version":[{"id":1977,"href":"https:\/\/www.nakladni-doprava.eu\/index.php?rest_route=\/wp\/v2\/pages\/1700\/revisions\/1977"}],"wp:attachment":[{"href":"https:\/\/www.nakladni-doprava.eu\/index.php?rest_route=%2Fwp%2Fv2%2Fmedia&parent=1700"}],"curies":[{"name":"wp","href":"https:\/\/api.w.org\/{rel}","templated":true}]}}