{"id":1644,"date":"2024-11-25T22:36:33","date_gmt":"2024-11-25T21:36:33","guid":{"rendered":"https:\/\/michalstudio.cz\/?page_id=1644"},"modified":"2024-12-05T18:59:43","modified_gmt":"2024-12-05T17:59:43","slug":"doprava","status":"publish","type":"page","link":"https:\/\/www.nakladni-doprava.eu\/?page_id=1644","title":{"rendered":"Slu\u017eby"},"content":{"rendered":"\t\t<div data-elementor-type=\"wp-post\" data-elementor-id=\"1644\" class=\"elementor elementor-1644\">\n\t\t\t\t<div class=\"elementor-element elementor-element-ecdc542 e-con-full e-flex e-con e-parent\" data-id=\"ecdc542\" data-element_type=\"container\" data-settings=\"{&quot;background_background&quot;:&quot;classic&quot;}\">\n\t\t<div class=\"elementor-element elementor-element-341f31e e-con-full e-flex e-con e-child\" data-id=\"341f31e\" data-element_type=\"container\">\n\t\t\t\t<div class=\"elementor-element elementor-element-c607c23 elementor-widget elementor-widget-heading\" data-id=\"c607c23\" data-element_type=\"widget\" data-widget_type=\"heading.default\">\n\t\t\t\t<div class=\"elementor-widget-container\">\n\t\t\t<h1 class=\"elementor-heading-title elementor-size-default\">Slu\u017eby<br><\/h1>\t\t<\/div>\n\t\t\t\t<\/div>\n\t\t\t\t<\/div>\n\t\t\t\t<\/div>\n\t\t<div class=\"elementor-element elementor-element-1ea260a e-flex e-con-boxed e-con e-parent\" data-id=\"1ea260a\" data-element_type=\"container\" data-settings=\"{&quot;background_background&quot;:&quot;classic&quot;}\">\n\t\t\t\t\t<div class=\"e-con-inner\">\n\t\t<div class=\"elementor-element elementor-element-53e9612 e-con-full e-flex e-con e-child\" data-id=\"53e9612\" data-element_type=\"container\">\n\t\t\t\t<div class=\"elementor-element elementor-element-0c21f5a elementor-widget elementor-widget-text-editor\" data-id=\"0c21f5a\" data-element_type=\"widget\" data-widget_type=\"text-editor.default\">\n\t\t\t\t<div class=\"elementor-widget-container\">\n\t\t\t\t\t\t\t<h4><strong>Vnitrost\u00e1tn\u00ed silni\u010dn\u00ed n\u00e1kladn\u00ed doprava&nbsp;<\/strong><\/h4>\n<div>\n<h4><br><\/h4><h4>Mezin\u00e1rodn\u00ed silni\u010dn\u00ed n\u00e1kladn\u00ed doprava<\/h4>\n<\/div>\n<div>&nbsp;<\/div>\n<h4><strong>Nadrozm\u011brn\u00e1 p\u0159eprava&nbsp;<\/strong><\/h4>\n<h4>&nbsp;<\/h4>\n<h4>Spedice<\/h4>\t\t\t\t\t\t<\/div>\n\t\t\t\t<\/div>\n\t\t\t\t<\/div>\n\t\t\t\t\t<\/div>\n\t\t\t\t<\/div>\n\t\t<div class=\"elementor-element elementor-element-d2237af e-flex e-con-boxed e-con e-parent\" data-id=\"d2237af\" data-element_type=\"container\" data-settings=\"{&quot;background_background&quot;:&quot;classic&quot;}\">\n\t\t\t\t\t<div class=\"e-con-inner\">\n\t\t<div class=\"elementor-element elementor-element-7c9d9bf e-con-full e-flex e-con e-child\" data-id=\"7c9d9bf\" data-element_type=\"container\">\n\t\t\t\t<div class=\"elementor-element elementor-element-974c8c7 elementor-widget elementor-widget-text-editor\" data-id=\"974c8c7\" data-element_type=\"widget\" data-widget_type=\"text-editor.default\">\n\t\t\t\t<div class=\"elementor-widget-container\">\n\t\t\t\t\t\t\t<p><span style=\"color: #000000;\"><strong>Slu\u017eby poskytujeme p\u0159ev\u00e1\u017en\u011b v t\u011bchto oblastech:<\/strong><\/span><\/p>\n<ul>\n<li><span style=\"color: #000000;\">doprava betonov\u00fdch v\u00fdrobk\u016f, prefabrik\u00e1t\u016f<\/span><\/li>\n<li><span style=\"color: #000000;\">doprava beton\u00e1\u0159sk\u00e9 oceli, ostatn\u00edch ocelov\u00fdch materi\u00e1l\u016f<\/span><\/li>\n<li><span style=\"color: #000000;\">doprava stavebn\u00edch materi\u00e1l\u016f<\/span><\/li>\n<li><span style=\"color: #000000;\">doprava stavebn\u00edch, pr\u016fmyslov\u00fdch a zem\u011bd\u011blsk\u00fdch stroj\u016f<\/span><\/li>\n<li><span style=\"color: #000000;\">doprava zem\u011bd\u011blsk\u00fdch produkt\u016f<\/span><\/li>\n<li><span style=\"color: #000000;\">p\u0159evozy svodidel a manipulace p\u0159i modernizaci d\u00e1lni\u010dn\u00ed s\u00edt\u011b<\/span><\/li>\n<li><span style=\"color: #000000;\">p\u0159eprava paletov\u00e9ho zbo\u017e\u00ed&nbsp;<\/span><\/li>\n<li><span style=\"color: #000000;\">p\u0159evoz nov\u00fdch n\u00e1v\u011bs\u016f po \u00fazem\u00ed Evropsk\u00e9 unie<\/span><\/li>\n<li><span style=\"color: #000000;\">p\u0159evozy mal\u00fdch plavidel do 3,5 t v\u010detn\u011b p\u0159epravn\u00edku po st\u00e1tech EU<\/span><\/li>\n<li><span style=\"color: #000000;\">nalo\u017een\u00ed, slo\u017een\u00ed a zakotven\u00ed mal\u00e9ho plavidla do 3,5 t<\/span><\/li>\n<li><span style=\"color: #000000;\">realizace nadrozm\u011brn\u00fdch n\u00e1klad\u016f v\u010detn\u011b doprovodn\u00e9ho vozidla<\/span><\/li>\n<\/ul>\n<p><span style=\"color: #000000;\"><b>Obra\u0165te se s d\u016fv\u011brou na na\u0161i spole\u010dnost, kter\u00e1 spln\u00ed Va\u0161e po\u017eadavky k Va\u0161\u00ed pln\u00e9 spokojenosti.<\/b><\/span><\/p>\t\t\t\t\t\t<\/div>\n\t\t\t\t<\/div>\n\t\t\t\t<\/div>\n\t\t\t\t\t<\/div>\n\t\t\t\t<\/div>\n\t\t\t\t<\/div>\n\t\t","protected":false},"excerpt":{"rendered":"<p>Slu\u017eby Vnitrost\u00e1tn\u00ed silni\u010dn\u00ed n\u00e1kladn\u00ed doprava&nbsp; Mezin\u00e1rodn\u00ed silni\u010dn\u00ed n\u00e1kladn\u00ed doprava &nbsp; Nadrozm\u011brn\u00e1 p\u0159eprava&nbsp; &nbsp; Spedice Slu\u017eby poskytujeme p\u0159ev\u00e1\u017en\u011b v t\u011bchto oblastech: doprava betonov\u00fdch v\u00fdrobk\u016f, prefabrik\u00e1t\u016f doprava beton\u00e1\u0159sk\u00e9 oceli, ostatn\u00edch ocelov\u00fdch materi\u00e1l\u016f doprava stavebn\u00edch materi\u00e1l\u016f doprava stavebn\u00edch, pr\u016fmyslov\u00fdch a zem\u011bd\u011blsk\u00fdch stroj\u016f doprava zem\u011bd\u011blsk\u00fdch produkt\u016f p\u0159evozy svodidel a manipulace p\u0159i modernizaci d\u00e1lni\u010dn\u00ed s\u00edt\u011b p\u0159eprava paletov\u00e9ho zbo\u017e\u00ed&nbsp; p\u0159evoz nov\u00fdch [&hellip;]<\/p>\n","protected":false},"author":1,"featured_media":0,"parent":0,"menu_order":0,"comment_status":"closed","ping_status":"closed","template":"elementor_header_footer","meta":{"_uag_custom_page_level_css":"","site-sidebar-layout":"no-sidebar","site-content-layout":"page-builder","ast-site-content-layout":"full-width-container","site-content-style":"unboxed","site-sidebar-style":"unboxed","ast-global-header-display":"","ast-banner-title-visibility":"","ast-main-header-display":"","ast-hfb-above-header-display":"","ast-hfb-below-header-display":"","ast-hfb-mobile-header-display":"","site-post-title":"disabled","ast-breadcrumbs-content":"","ast-featured-img":"disabled","footer-sml-layout":"","theme-transparent-header-meta":"enabled","adv-header-id-meta":"","stick-header-meta":"","header-above-stick-meta":"","header-main-stick-meta":"","header-below-stick-meta":"","astra-migrate-meta-layouts":"set","ast-page-background-enabled":"default","ast-page-background-meta":{"desktop":{"background-color":"","background-image":"","background-repeat":"repeat","background-position":"center center","background-size":"auto","background-attachment":"scroll","background-type":"","background-media":"","overlay-type":"","overlay-color":"","overlay-opacity":"","overlay-gradient":""},"tablet":{"background-color":"","background-image":"","background-repeat":"repeat","background-position":"center center","background-size":"auto","background-attachment":"scroll","background-type":"","background-media":"","overlay-type":"","overlay-color":"","overlay-opacity":"","overlay-gradient":""},"mobile":{"background-color":"","background-image":"","background-repeat":"repeat","background-position":"center center","background-size":"auto","background-attachment":"scroll","background-type":"","background-media":"","overlay-type":"","overlay-color":"","overlay-opacity":"","overlay-gradient":""}},"ast-content-background-meta":{"desktop":{"background-color":"var(--ast-global-color-5)","background-image":"","background-repeat":"repeat","background-position":"center center","background-size":"auto","background-attachment":"scroll","background-type":"","background-media":"","overlay-type":"","overlay-color":"","overlay-opacity":"","overlay-gradient":""},"tablet":{"background-color":"var(--ast-global-color-5)","background-image":"","background-repeat":"repeat","background-position":"center center","background-size":"auto","background-attachment":"scroll","background-type":"","background-media":"","overlay-type":"","overlay-color":"","overlay-opacity":"","overlay-gradient":""},"mobile":{"background-color":"var(--ast-global-color-5)","background-image":"","background-repeat":"repeat","background-position":"center center","background-size":"auto","background-attachment":"scroll","background-type":"","background-media":"","overlay-type":"","overlay-color":"","overlay-opacity":"","overlay-gradient":""}},"footnotes":""},"class_list":["post-1644","page","type-page","status-publish","hentry"],"uagb_featured_image_src":{"full":false,"thumbnail":false,"medium":false,"medium_large":false,"large":false,"1536x1536":false,"2048x2048":false},"uagb_author_info":{"display_name":"admin2218","author_link":"https:\/\/www.nakladni-doprava.eu\/?author=1"},"uagb_comment_info":0,"uagb_excerpt":"Slu\u017eby Vnitrost\u00e1tn\u00ed silni\u010dn\u00ed n\u00e1kladn\u00ed doprava&nbsp; Mezin\u00e1rodn\u00ed silni\u010dn\u00ed n\u00e1kladn\u00ed doprava &nbsp; Nadrozm\u011brn\u00e1 p\u0159eprava&nbsp; &nbsp; Spedice Slu\u017eby poskytujeme p\u0159ev\u00e1\u017en\u011b v t\u011bchto oblastech: doprava betonov\u00fdch v\u00fdrobk\u016f, prefabrik\u00e1t\u016f doprava beton\u00e1\u0159sk\u00e9 oceli, ostatn\u00edch ocelov\u00fdch materi\u00e1l\u016f doprava stavebn\u00edch materi\u00e1l\u016f doprava stavebn\u00edch, pr\u016fmyslov\u00fdch a zem\u011bd\u011blsk\u00fdch stroj\u016f doprava zem\u011bd\u011blsk\u00fdch produkt\u016f p\u0159evozy svodidel a manipulace p\u0159i modernizaci d\u00e1lni\u010dn\u00ed s\u00edt\u011b p\u0159eprava paletov\u00e9ho zbo\u017e\u00ed&nbsp; p\u0159evoz nov\u00fdch&hellip;","_links":{"self":[{"href":"https:\/\/www.nakladni-doprava.eu\/index.php?rest_route=\/wp\/v2\/pages\/1644","targetHints":{"allow":["GET"]}}],"collection":[{"href":"https:\/\/www.nakladni-doprava.eu\/index.php?rest_route=\/wp\/v2\/pages"}],"about":[{"href":"https:\/\/www.nakladni-doprava.eu\/index.php?rest_route=\/wp\/v2\/types\/page"}],"author":[{"embeddable":true,"href":"https:\/\/www.nakladni-doprava.eu\/index.php?rest_route=\/wp\/v2\/users\/1"}],"replies":[{"embeddable":true,"href":"https:\/\/www.nakladni-doprava.eu\/index.php?rest_route=%2Fwp%2Fv2%2Fcomments&post=1644"}],"version-history":[{"count":48,"href":"https:\/\/www.nakladni-doprava.eu\/index.php?rest_route=\/wp\/v2\/pages\/1644\/revisions"}],"predecessor-version":[{"id":2024,"href":"https:\/\/www.nakladni-doprava.eu\/index.php?rest_route=\/wp\/v2\/pages\/1644\/revisions\/2024"}],"wp:attachment":[{"href":"https:\/\/www.nakladni-doprava.eu\/index.php?rest_route=%2Fwp%2Fv2%2Fmedia&parent=1644"}],"curies":[{"name":"wp","href":"https:\/\/api.w.org\/{rel}","templated":true}]}}